{"id":450,"date":"2021-03-19T09:16:14","date_gmt":"2021-03-19T08:16:14","guid":{"rendered":"http:\/\/www.consorzio-cometa.it\/?page_id=450"},"modified":"2021-03-19T09:16:14","modified_gmt":"2021-03-19T08:16:14","slug":"sebastiano-albergo","status":"publish","type":"page","link":"https:\/\/www.consorzio-cometa.it\/index.php\/sebastiano-albergo\/","title":{"rendered":"Sebastiano Albergo"},"content":{"rendered":"\n<div class=\"wp-block-columns is-layout-flex wp-container-core-columns-is-layout-9d6595d7 wp-block-columns-is-layout-flex\">\n<div class=\"wp-block-column is-layout-flow wp-block-column-is-layout-flow\" style=\"flex-basis:33.33%\">\n<figure class=\"wp-block-image size-large is-resized\"><img loading=\"lazy\" decoding=\"async\" src=\"http:\/\/www.consorzio-cometa.it\/wp-content\/uploads\/2021\/03\/foto_nello-877x1024.png\" alt=\"\" class=\"wp-image-505\" width=\"205\" height=\"239\" srcset=\"https:\/\/www.consorzio-cometa.it\/wp-content\/uploads\/2021\/03\/foto_nello-877x1024.png 877w, https:\/\/www.consorzio-cometa.it\/wp-content\/uploads\/2021\/03\/foto_nello-257x300.png 257w, https:\/\/www.consorzio-cometa.it\/wp-content\/uploads\/2021\/03\/foto_nello-768x897.png 768w, https:\/\/www.consorzio-cometa.it\/wp-content\/uploads\/2021\/03\/foto_nello.png 918w\" sizes=\"auto, (max-width: 205px) 100vw, 205px\" \/><\/figure>\n<\/div>\n\n\n\n<div class=\"wp-block-column is-layout-flow wp-block-column-is-layout-flow\" style=\"flex-basis:66.66%\">\n<p>Ruolo:&nbsp;<strong>Consigliere<\/strong> <strong>CdA<\/strong><\/p>\n\n\n\n<p>mail: sebastiano.albergo@ct.infn.it <\/p>\n<\/div>\n<\/div>\n\n\n\n<p><strong>Nota Biografica<\/strong><\/p>\n\n\n\n<p>SEBASTIANO ALBERGO<\/p>\n\n\n\n<p><strong>Formazione e posizioni lavorative<\/strong><\/p>\n\n\n\n<p>1983: Laurea in Fisica presso Universit\u00e0 di Catania, con massimo dei voti e lode.<\/p>\n\n\n\n<p>1988: Dottorato di Ricerca (PhD) presso Universit\u00e0 di Catania.<\/p>\n\n\n\n<p>1989: premio per giovani laureati della Societ\u00e0 Italiana di Fisica.<\/p>\n\n\n\n<p>1991 &#8211; 1999: Ricercatore a tempo indeterminato in Fisica Nucleare e Subnucleare<br>all\u2019Universit\u00e0 di Catania.<\/p>\n\n\n\n<p>1999-2005: Professore Associato di Fisica Sperimentale all\u2019Universit\u00e0 di Catania<\/p>\n\n\n\n<p>2005 ad oggi: Professore Ordinario di Fisica Sperimentale all\u2019Universit\u00e0 di<br>Catania<br>Responsabilit\u00e0 scientifiche e organizzative<\/p>\n\n\n\n<p>1996 membro della commissione organizzatrice locale della conferenza CRIS-96,<br>e curatore dei proceedings;<\/p>\n\n\n\n<p>1998 membro della commissione organizzatrice locale della conferenza CRIS-96,<br>e curatore dei proceedings;<\/p>\n\n\n\n<p>2000-2012 Responsabile del gruppo di Catania dell\u2019esperimento CMS;<\/p>\n\n\n\n<p>2001 Membro della Commissione organizzatrice locale del 2nd Workshop on<br>CMS Physics at LHC;<\/p>\n\n\n\n<p>2001-2007 Coordinatore del Gruppo 1 \u2013 Fisica Sperimentale delle Particelle<br>Elementari &#8211; della Sezione INFN di Catania e membro della Prima Commissione<br>Scientifica Nazionale dell\u2019INFN;<\/p>\n\n\n\n<p>2005 Membro della Commissione organizzatrice locale della conferenza IFAE<br>2005, e curatore dei Proceedings;<\/p>\n\n\n\n<p>2010-2016: Direttore del Centro Siciliano di Fisica Nucleare e Struttura della<br>Materia;<\/p>\n\n\n\n<p>2012-2016: membro del Senato Accademico dell\u2019 Universit\u00e0 di Catania;<\/p>\n\n\n\n<p>2013-2019: responsabile del progetto ELI\/NP presso la Sezione INFN di Catania;<\/p>\n\n\n\n<p>2014-2017: responsabile del progetto Calocube presso la Sezione INFN di<br>Catania;<\/p>\n\n\n\n<p>2015: responsabile della mostra scientifica Phosforescienza;<\/p>\n\n\n\n<p>2015: responsabile del progetto Classic presso la Sezione INFN di Catania<\/p>\n\n\n\n<p>dal 2017: responsabile del progetto RD-FA presso la Sezione INFN di Catania<\/p>\n\n\n\n<p>dal 2018: membro del Comitato Scientifico del Centro Siciliano di Fisica<br>Nucleare e Struttura della Materia<\/p>\n\n\n\n<p>dal 2019: coordinatore del Dottorato di Ricerca in Fisica dell\u2019Universit\u00e0 di<br>Catania.<\/p>\n\n\n\n<p>Dal 2019: responsabile del progetto DarkSide presso la Sezione INFN di Catania<\/p>\n\n\n\n<p>dal 2020: membro della Commissione Ricerca dell\u2019Ateneo di Catania<\/p>\n\n\n\n<p>Dal 2021 Membro del Consiglio I Amministrazione del Consorzio COMETA<br>Produzione Scientifica<br>Nel corso della sua carriera ha firmato quasi mille articoli scientifici, che gli conferiscono<\/p>\n","protected":false},"excerpt":{"rendered":"<p>Ruolo:&nbsp;Consigliere CdA mail: sebastiano.albergo@ct.infn.it Nota Biografica SEBASTIANO ALBERGO Formazione e posizioni lavorative 1983: Laurea in Fisica presso Universit\u00e0 di Catania, con massimo dei voti e lode. 1988: Dottorato di Ricerca (PhD) presso Universit\u00e0 di Catania. 1989: premio per giovani laureati della Societ\u00e0 Italiana di Fisica. 1991 &#8211; 1999: Ricercatore a tempo indeterminato in Fisica Nucleare [&hellip;]<\/p>\n","protected":false},"author":1,"featured_media":0,"parent":0,"menu_order":12,"comment_status":"closed","ping_status":"closed","template":"","meta":{"footnotes":""},"class_list":["post-450","page","type-page","status-publish","hentry"],"_links":{"self":[{"href":"https:\/\/www.consorzio-cometa.it\/index.php\/wp-json\/wp\/v2\/pages\/450","targetHints":{"allow":["GET"]}}],"collection":[{"href":"https:\/\/www.consorzio-cometa.it\/index.php\/wp-json\/wp\/v2\/pages"}],"about":[{"href":"https:\/\/www.consorzio-cometa.it\/index.php\/wp-json\/wp\/v2\/types\/page"}],"author":[{"embeddable":true,"href":"https:\/\/www.consorzio-cometa.it\/index.php\/wp-json\/wp\/v2\/users\/1"}],"replies":[{"embeddable":true,"href":"https:\/\/www.consorzio-cometa.it\/index.php\/wp-json\/wp\/v2\/comments?post=450"}],"version-history":[{"count":3,"href":"https:\/\/www.consorzio-cometa.it\/index.php\/wp-json\/wp\/v2\/pages\/450\/revisions"}],"predecessor-version":[{"id":506,"href":"https:\/\/www.consorzio-cometa.it\/index.php\/wp-json\/wp\/v2\/pages\/450\/revisions\/506"}],"wp:attachment":[{"href":"https:\/\/www.consorzio-cometa.it\/index.php\/wp-json\/wp\/v2\/media?parent=450"}],"curies":[{"name":"wp","href":"https:\/\/api.w.org\/{rel}","templated":true}]}}